{"id":4467,"date":"2020-04-20T09:08:34","date_gmt":"2020-04-20T07:08:34","guid":{"rendered":"https:\/\/aedyr.com\/login\/"},"modified":"2021-01-12T14:06:50","modified_gmt":"2021-01-12T12:06:50","slug":"login","status":"publish","type":"page","link":"https:\/\/aedyr.com\/en\/login\/","title":{"rendered":"Login"},"content":{"rendered":"<p>[et_pb_section fb_built=&#8221;1&#8243; fullwidth=&#8221;on&#8221; _builder_version=&#8221;3.22&#8243;][et_pb_fullwidth_image src=&#8221;https:\/\/aedyr.com\/wp-content\/uploads\/2020\/05\/login.png&#8221; _builder_version=&#8221;4.4.1&#8243; vertical_offset_tablet=&#8221;0&#8243; horizontal_offset_tablet=&#8221;0&#8243; z_index_tablet=&#8221;0&#8243; box_shadow_horizontal_tablet=&#8221;0px&#8221; box_shadow_vertical_tablet=&#8221;0px&#8221; box_shadow_blur_tablet=&#8221;40px&#8221; box_shadow_spread_tablet=&#8221;0px&#8221;]<br \/>\n[\/et_pb_fullwidth_image][\/et_pb_section][et_pb_section fb_built=&#8221;1&#8243; module_class=&#8221;log-detail&#8221; _builder_version=&#8221;4.4.1&#8243; vertical_offset_tablet=&#8221;0&#8243; horizontal_offset_tablet=&#8221;0&#8243; z_index_tablet=&#8221;0&#8243; box_shadow_horizontal_tablet=&#8221;0px&#8221; box_shadow_vertical_tablet=&#8221;0px&#8221; box_shadow_blur_tablet=&#8221;40px&#8221; box_shadow_spread_tablet=&#8221;0px&#8221;][et_pb_row module_class=&#8221;ls-width-row&#8221; _builder_version=&#8221;4.4.1&#8243; background_size=&#8221;initial&#8221; background_position=&#8221;top_left&#8221; background_repeat=&#8221;repeat&#8221; vertical_offset_tablet=&#8221;0&#8243; horizontal_offset_tablet=&#8221;0&#8243; z_index_tablet=&#8221;0&#8243; box_shadow_horizontal_tablet=&#8221;0px&#8221; box_shadow_vertical_tablet=&#8221;0px&#8221; box_shadow_blur_tablet=&#8221;40px&#8221; box_shadow_spread_tablet=&#8221;0px&#8221;][et_pb_column type=&#8221;4_4&#8243; _builder_version=&#8221;3.0.47&#8243; custom_padding=&#8221;|||&#8221; custom_padding__hover=&#8221;|||&#8221;][et_pb_text admin_label=&#8221;ACCESO PARA SOCIOS&#8221; module_class=&#8221;head-title  line-img&#8221; _builder_version=&#8221;4.4.1&#8243; vertical_offset_tablet=&#8221;0&#8243; horizontal_offset_tablet=&#8221;0&#8243; z_index_tablet=&#8221;0&#8243; text_text_shadow_horizontal_length_tablet=&#8221;0px&#8221; text_text_shadow_vertical_length_tablet=&#8221;0px&#8221; text_text_shadow_blur_strength_tablet=&#8221;1px&#8221; link_text_shadow_horizontal_length_tablet=&#8221;0px&#8221; link_text_shadow_vertical_length_tablet=&#8221;0px&#8221; link_text_shadow_blur_strength_tablet=&#8221;1px&#8221; ul_text_shadow_horizontal_length_tablet=&#8221;0px&#8221; ul_text_shadow_vertical_length_tablet=&#8221;0px&#8221; ul_text_shadow_blur_strength_tablet=&#8221;1px&#8221; ol_text_shadow_horizontal_length_tablet=&#8221;0px&#8221; ol_text_shadow_vertical_length_tablet=&#8221;0px&#8221; ol_text_shadow_blur_strength_tablet=&#8221;1px&#8221; quote_text_shadow_horizontal_length_tablet=&#8221;0px&#8221; quote_text_shadow_vertical_length_tablet=&#8221;0px&#8221; quote_text_shadow_blur_strength_tablet=&#8221;1px&#8221; header_text_shadow_horizontal_length_tablet=&#8221;0px&#8221; header_text_shadow_vertical_length_tablet=&#8221;0px&#8221; header_text_shadow_blur_strength_tablet=&#8221;1px&#8221; header_2_text_shadow_horizontal_length_tablet=&#8221;0px&#8221; header_2_text_shadow_vertical_length_tablet=&#8221;0px&#8221; header_2_text_shadow_blur_strength_tablet=&#8221;1px&#8221; header_3_text_shadow_horizontal_length_tablet=&#8221;0px&#8221; header_3_text_shadow_vertical_length_tablet=&#8221;0px&#8221; header_3_text_shadow_blur_strength_tablet=&#8221;1px&#8221; header_4_text_shadow_horizontal_length_tablet=&#8221;0px&#8221; header_4_text_shadow_vertical_length_tablet=&#8221;0px&#8221; header_4_text_shadow_blur_strength_tablet=&#8221;1px&#8221; header_5_text_shadow_horizontal_length_tablet=&#8221;0px&#8221; header_5_text_shadow_vertical_length_tablet=&#8221;0px&#8221; header_5_text_shadow_blur_strength_tablet=&#8221;1px&#8221; header_6_text_shadow_horizontal_length_tablet=&#8221;0px&#8221; header_6_text_shadow_vertical_length_tablet=&#8221;0px&#8221; header_6_text_shadow_blur_strength_tablet=&#8221;1px&#8221; box_shadow_horizontal_tablet=&#8221;0px&#8221; box_shadow_vertical_tablet=&#8221;0px&#8221; box_shadow_blur_tablet=&#8221;40px&#8221; box_shadow_spread_tablet=&#8221;0px&#8221;]<\/p>\n<p><img decoding=\"async\" src=\"\/wp-content\/uploads\/2020\/02\/rec_col.png\" alt=\"img\" \/><\/p>\n<div class=\"double-line\">\n<h2 style=\"text-align: center;\" class=\"line-red-yel\">MEMBERS LOGIN<\/h2>\n<\/div>\n<p>[\/et_pb_text][et_pb_text module_class=&#8221;log-user&#8221; _builder_version=&#8221;4.7.4&#8243; vertical_offset_tablet=&#8221;0&#8243; horizontal_offset_tablet=&#8221;0&#8243; hover_enabled=&#8221;0&#8243; z_index_tablet=&#8221;0&#8243; text_text_shadow_horizontal_length_tablet=&#8221;0px&#8221; text_text_shadow_vertical_length_tablet=&#8221;0px&#8221; text_text_shadow_blur_strength_tablet=&#8221;1px&#8221; link_text_shadow_horizontal_length_tablet=&#8221;0px&#8221; link_text_shadow_vertical_length_tablet=&#8221;0px&#8221; link_text_shadow_blur_strength_tablet=&#8221;1px&#8221; ul_text_shadow_horizontal_length_tablet=&#8221;0px&#8221; ul_text_shadow_vertical_length_tablet=&#8221;0px&#8221; ul_text_shadow_blur_strength_tablet=&#8221;1px&#8221; ol_text_shadow_horizontal_length_tablet=&#8221;0px&#8221; ol_text_shadow_vertical_length_tablet=&#8221;0px&#8221; ol_text_shadow_blur_strength_tablet=&#8221;1px&#8221; quote_text_shadow_horizontal_length_tablet=&#8221;0px&#8221; quote_text_shadow_vertical_length_tablet=&#8221;0px&#8221; quote_text_shadow_blur_strength_tablet=&#8221;1px&#8221; header_text_shadow_horizontal_length_tablet=&#8221;0px&#8221; header_text_shadow_vertical_length_tablet=&#8221;0px&#8221; header_text_shadow_blur_strength_tablet=&#8221;1px&#8221; header_2_text_shadow_horizontal_length_tablet=&#8221;0px&#8221; header_2_text_shadow_vertical_length_tablet=&#8221;0px&#8221; header_2_text_shadow_blur_strength_tablet=&#8221;1px&#8221; header_3_text_shadow_horizontal_length_tablet=&#8221;0px&#8221; header_3_text_shadow_vertical_length_tablet=&#8221;0px&#8221; header_3_text_shadow_blur_strength_tablet=&#8221;1px&#8221; header_4_text_shadow_horizontal_length_tablet=&#8221;0px&#8221; header_4_text_shadow_vertical_length_tablet=&#8221;0px&#8221; header_4_text_shadow_blur_strength_tablet=&#8221;1px&#8221; header_5_text_shadow_horizontal_length_tablet=&#8221;0px&#8221; header_5_text_shadow_vertical_length_tablet=&#8221;0px&#8221; header_5_text_shadow_blur_strength_tablet=&#8221;1px&#8221; header_6_text_shadow_horizontal_length_tablet=&#8221;0px&#8221; header_6_text_shadow_vertical_length_tablet=&#8221;0px&#8221; header_6_text_shadow_blur_strength_tablet=&#8221;1px&#8221; box_shadow_horizontal_tablet=&#8221;0px&#8221; box_shadow_vertical_tablet=&#8221;0px&#8221; box_shadow_blur_tablet=&#8221;40px&#8221; box_shadow_spread_tablet=&#8221;0px&#8221; sticky_enabled=&#8221;0&#8243;]<\/p>\n<p>This section is restricted to AEDyR members. <br \/> To access, please enter your username and password below. If you have any problems logging in, please do not hesitate to contact us.<\/p>\n<p><div id=\"wppb-login-wrap\" class=\"wppb-user-forms\">\n\t\t<form name=\"wppb-loginform\" id=\"wppb-loginform\" action=\"https:\/\/aedyr.com\/en\/wp-json\/wp\/v2\/pages\/4467\" method=\"post\">\n\t\t\t\n\t\t\t<p class=\"wppb-form-field login-username pbpl-class\">\n\t\t\t\t<label for=\"user_login\">Username or Email<\/label>\n\t\t\t\t<input type=\"text\" name=\"log\" id=\"user_login\" class=\"input\" value=\"\" size=\"20\" \/>\n\t\t\t<\/p>\n\t\t\t<p class=\"wppb-form-field login-password pbpl-class\">\n\t\t\t\t<label for=\"user_pass\">Password<\/label>\n\t\t\t\t<input type=\"password\" name=\"pwd\" id=\"user_pass\" class=\"input\" value=\"\" size=\"20\" \/>\n\t\t\t<\/p>\n\t\t\t\n\t\t\t<p class=\"wppb-form-field login-remember\"><input name=\"rememberme\" type=\"checkbox\" id=\"rememberme\" value=\"forever\" \/><label for=\"rememberme\">Remember Me<\/label><\/p>\n\t\t\t<p class=\"login-submit\">\n\t\t\t\t<input type=\"submit\" name=\"wp-submit\" id=\"wppb-submit\" class=\"button button-primary\" value=\"Log In\" \/>\n\t\t\t\t<input type=\"hidden\" name=\"redirect_to\" value=\"https:\/\/aedyr.com\/en\/wp-json\/wp\/v2\/pages\/4467\" \/>\n\t\t\t<\/p>\n\t\t\t<input type=\"hidden\" name=\"wppb_login\" value=\"true\"\/>\n\t\t\t<input type=\"hidden\" name=\"wppb_form_location\" value=\"widget\"\/>\n\t\t\t<input type=\"hidden\" name=\"wppb_request_url\" value=\"https:\/\/aedyr.com\/en\/wp-json\/wp\/v2\/pages\/4467\"\/>\n\t\t\t<input type=\"hidden\" name=\"wppb_lostpassword_url\" value=\"\/en\/forgot-password\/\"\/>\n\t\t\t<input type=\"hidden\" name=\"wppb_redirect_priority\" value=\"\"\/>\n\t\t\t<input type=\"hidden\" name=\"wppb_referer_url\" value=\"\"\/>\n\t\t\t<input type=\"hidden\" id=\"CSRFToken-wppb\" name=\"CSRFToken-wppb\" value=\"20faa37c65\" \/><input type=\"hidden\" name=\"_wp_http_referer\" value=\"\/en\/wp-json\/wp\/v2\/pages\/4467\" \/>\n\t\t\t<input type=\"hidden\" name=\"wppb_redirect_check\" value=\"true\"\/>\n\t\t\t\n\t\t<\/form><p class=\"login-register-lost-password\"><a class=\"login-lost-password\" href=\"\/en\/forgot-password\/\">Did you forget your password?<\/a><\/p><\/div>[\/et_pb_text][\/et_pb_column][\/et_pb_row][\/et_pb_section]<\/p>\n","protected":false},"excerpt":{"rendered":"<p>MEMBERS LOGIN This section is restricted to AEDyR members. To access, please enter your username and password below. If you have any problems logging in, please do not hesitate to contact us. <div id=\"wppb-login-wrap\" class=\"wppb-user-forms\">\n\t\t<form name=\"wppb-loginform\" id=\"wppb-loginform\" action=\"https:\/\/aedyr.com\/en\/wp-json\/wp\/v2\/pages\/4467\" method=\"post\">\n\t\t\t\n\t\t\t<p class=\"wppb-form-field login-username pbpl-class\">\n\t\t\t\t<label for=\"user_login\">Username or Email<\/label>\n\t\t\t\t<input type=\"text\" name=\"log\" id=\"user_login\" class=\"input\" value=\"\" size=\"20\" \/>\n\t\t\t<\/p>\n\t\t\t<p class=\"wppb-form-field login-password pbpl-class\">\n\t\t\t\t<label for=\"user_pass\">Password<\/label>\n\t\t\t\t<input type=\"password\" name=\"pwd\" id=\"user_pass\" class=\"input\" value=\"\" size=\"20\" \/>\n\t\t\t<\/p>\n\t\t\t\n\t\t\t<p class=\"wppb-form-field login-remember\"><input name=\"rememberme\" type=\"checkbox\" id=\"rememberme\" value=\"forever\" \/><label for=\"rememberme\">Remember Me<\/label><\/p>\n\t\t\t<p class=\"login-submit\">\n\t\t\t\t<input type=\"submit\" name=\"wp-submit\" id=\"wppb-submit\" class=\"button button-primary\" value=\"Log In\" \/>\n\t\t\t\t<input type=\"hidden\" name=\"redirect_to\" value=\"https:\/\/aedyr.com\/en\/wp-json\/wp\/v2\/pages\/4467\" \/>\n\t\t\t<\/p>\n\t\t\t<input type=\"hidden\" name=\"wppb_login\" value=\"true\"\/>\n\t\t\t<input type=\"hidden\" name=\"wppb_form_location\" value=\"widget\"\/>\n\t\t\t<input type=\"hidden\" name=\"wppb_request_url\" value=\"https:\/\/aedyr.com\/en\/wp-json\/wp\/v2\/pages\/4467\"\/>\n\t\t\t<input type=\"hidden\" name=\"wppb_lostpassword_url\" value=\"\/en\/forgot-password\/\"\/>\n\t\t\t<input type=\"hidden\" name=\"wppb_redirect_priority\" value=\"\"\/>\n\t\t\t<input type=\"hidden\" name=\"wppb_referer_url\" value=\"\"\/>\n\t\t\t<input type=\"hidden\" id=\"CSRFToken-wppb\" name=\"CSRFToken-wppb\" value=\"20faa37c65\" \/><input type=\"hidden\" name=\"_wp_http_referer\" value=\"\/en\/wp-json\/wp\/v2\/pages\/4467\" \/>\n\t\t\t<input type=\"hidden\" name=\"wppb_redirect_check\" value=\"true\"\/>\n\t\t\t\n\t\t<\/form><p class=\"login-register-lost-password\"><a class=\"login-lost-password\" href=\"\/en\/forgot-password\/\">Did you forget your password?<\/a><\/p><\/div><\/p>\n","protected":false},"author":478,"featured_media":0,"parent":0,"menu_order":0,"comment_status":"closed","ping_status":"closed","template":"","meta":{"_acf_changed":false,"_et_pb_use_builder":"on","_et_pb_old_content":"[wppb-login]","_et_gb_content_width":"","footnotes":""},"class_list":["post-4467","page","type-page","status-publish","hentry"],"acf":[],"yoast_head":"<!-- This site is optimized with the Yoast SEO plugin v24.5 - https:\/\/yoast.com\/wordpress\/plugins\/seo\/ -->\n<title>Login - AEDyR<\/title>\n<meta name=\"description\" content=\"La Asociaci\u00f3n Espa\u00f1ola de Desalaci\u00f3n y Reutilizaci\u00f3n (AEDyR) es la entidad que lidera desde hace m\u00e1s de 20 a\u00f1os este sector del agua en Espa\u00f1a.\" \/>\n<meta name=\"robots\" content=\"index, follow, max-snippet:-1, max-image-preview:large, max-video-preview:-1\" \/>\n<link rel=\"canonical\" href=\"https:\/\/aedyr.com\/en\/login\/\" \/>\n<meta property=\"og:locale\" content=\"en_US\" \/>\n<meta property=\"og:type\" content=\"article\" \/>\n<meta property=\"og:title\" content=\"Login - AEDyR\" \/>\n<meta property=\"og:description\" content=\"La Asociaci\u00f3n Espa\u00f1ola de Desalaci\u00f3n y Reutilizaci\u00f3n (AEDyR) es la entidad que lidera desde hace m\u00e1s de 20 a\u00f1os este sector del agua en Espa\u00f1a.\" \/>\n<meta property=\"og:url\" content=\"https:\/\/aedyr.com\/en\/login\/\" \/>\n<meta property=\"og:site_name\" content=\"AEDyR\" \/>\n<meta property=\"article:modified_time\" content=\"2021-01-12T12:06:50+00:00\" \/>\n<meta property=\"og:image\" content=\"https:\/\/aedyr.com\/wp-content\/uploads\/2020\/02\/rec_col.png\" \/>\n<meta name=\"twitter:card\" content=\"summary_large_image\" \/>\n<meta name=\"twitter:site\" content=\"@AEDyR_es\" \/>\n<meta name=\"twitter:label1\" content=\"Est. reading time\" \/>\n\t<meta name=\"twitter:data1\" content=\"4 minutes\" \/>\n<script type=\"application\/ld+json\" class=\"yoast-schema-graph\">{\"@context\":\"https:\/\/schema.org\",\"@graph\":[{\"@type\":\"WebPage\",\"@id\":\"https:\/\/aedyr.com\/en\/login\/\",\"url\":\"https:\/\/aedyr.com\/en\/login\/\",\"name\":\"Login - AEDyR\",\"isPartOf\":{\"@id\":\"https:\/\/aedyr.com\/#website\"},\"datePublished\":\"2020-04-20T07:08:34+00:00\",\"dateModified\":\"2021-01-12T12:06:50+00:00\",\"description\":\"La Asociaci\u00f3n Espa\u00f1ola de Desalaci\u00f3n y Reutilizaci\u00f3n (AEDyR) es la entidad que lidera desde hace m\u00e1s de 20 a\u00f1os este sector del agua en Espa\u00f1a.\",\"breadcrumb\":{\"@id\":\"https:\/\/aedyr.com\/en\/login\/#breadcrumb\"},\"inLanguage\":\"en-US\",\"potentialAction\":[{\"@type\":\"ReadAction\",\"target\":[\"https:\/\/aedyr.com\/en\/login\/\"]}]},{\"@type\":\"BreadcrumbList\",\"@id\":\"https:\/\/aedyr.com\/en\/login\/#breadcrumb\",\"itemListElement\":[{\"@type\":\"ListItem\",\"position\":1,\"name\":\"Portada\",\"item\":\"https:\/\/aedyr.com\/en\/\"},{\"@type\":\"ListItem\",\"position\":2,\"name\":\"Login\"}]},{\"@type\":\"WebSite\",\"@id\":\"https:\/\/aedyr.com\/#website\",\"url\":\"https:\/\/aedyr.com\/\",\"name\":\"AEDyR\",\"description\":\"Asociaci\u00f3n Espa\u00f1ola de Desalaci\u00f3n y Reutilizaci\u00f3n\",\"publisher\":{\"@id\":\"https:\/\/aedyr.com\/#organization\"},\"potentialAction\":[{\"@type\":\"SearchAction\",\"target\":{\"@type\":\"EntryPoint\",\"urlTemplate\":\"https:\/\/aedyr.com\/?s={search_term_string}\"},\"query-input\":{\"@type\":\"PropertyValueSpecification\",\"valueRequired\":true,\"valueName\":\"search_term_string\"}}],\"inLanguage\":\"en-US\"},{\"@type\":\"Organization\",\"@id\":\"https:\/\/aedyr.com\/#organization\",\"name\":\"Asociaci\u00f3n Espa\u00f1ola de Desalaci\u00f3n y Reutilizaci\u00f3n de Agua (AEDyR)\",\"url\":\"https:\/\/aedyr.com\/\",\"logo\":{\"@type\":\"ImageObject\",\"inLanguage\":\"en-US\",\"@id\":\"https:\/\/aedyr.com\/#\/schema\/logo\/image\/\",\"url\":\"https:\/\/aedyr.com\/wp-content\/uploads\/2020\/05\/Logo-aedyr@2x-1.png\",\"contentUrl\":\"https:\/\/aedyr.com\/wp-content\/uploads\/2020\/05\/Logo-aedyr@2x-1.png\",\"width\":1218,\"height\":572,\"caption\":\"Asociaci\u00f3n Espa\u00f1ola de Desalaci\u00f3n y Reutilizaci\u00f3n de Agua (AEDyR)\"},\"image\":{\"@id\":\"https:\/\/aedyr.com\/#\/schema\/logo\/image\/\"},\"sameAs\":[\"https:\/\/x.com\/AEDyR_es\",\"https:\/\/www.instagram.com\/aedyr_asociacion\/\",\"https:\/\/www.linkedin.com\/company\/aedyr-es\/\",\"https:\/\/www.youtube.com\/user\/AEDyR\",\"https:\/\/es.wikipedia.org\/wiki\/Asociaci\u00f3n_Espa\u00f1ola_de_Desalaci\u00f3n_y_Reutilizaci\u00f3n\"]}]}<\/script>\n<!-- \/ Yoast SEO plugin. -->","yoast_head_json":{"title":"Login - AEDyR","description":"La Asociaci\u00f3n Espa\u00f1ola de Desalaci\u00f3n y Reutilizaci\u00f3n (AEDyR) es la entidad que lidera desde hace m\u00e1s de 20 a\u00f1os este sector del agua en Espa\u00f1a.","robots":{"index":"index","follow":"follow","max-snippet":"max-snippet:-1","max-image-preview":"max-image-preview:large","max-video-preview":"max-video-preview:-1"},"canonical":"https:\/\/aedyr.com\/en\/login\/","og_locale":"en_US","og_type":"article","og_title":"Login - AEDyR","og_description":"La Asociaci\u00f3n Espa\u00f1ola de Desalaci\u00f3n y Reutilizaci\u00f3n (AEDyR) es la entidad que lidera desde hace m\u00e1s de 20 a\u00f1os este sector del agua en Espa\u00f1a.","og_url":"https:\/\/aedyr.com\/en\/login\/","og_site_name":"AEDyR","article_modified_time":"2021-01-12T12:06:50+00:00","og_image":[{"url":"https:\/\/aedyr.com\/wp-content\/uploads\/2020\/02\/rec_col.png","type":"","width":"","height":""}],"twitter_card":"summary_large_image","twitter_site":"@AEDyR_es","twitter_misc":{"Est. reading time":"4 minutes"},"schema":{"@context":"https:\/\/schema.org","@graph":[{"@type":"WebPage","@id":"https:\/\/aedyr.com\/en\/login\/","url":"https:\/\/aedyr.com\/en\/login\/","name":"Login - AEDyR","isPartOf":{"@id":"https:\/\/aedyr.com\/#website"},"datePublished":"2020-04-20T07:08:34+00:00","dateModified":"2021-01-12T12:06:50+00:00","description":"La Asociaci\u00f3n Espa\u00f1ola de Desalaci\u00f3n y Reutilizaci\u00f3n (AEDyR) es la entidad que lidera desde hace m\u00e1s de 20 a\u00f1os este sector del agua en Espa\u00f1a.","breadcrumb":{"@id":"https:\/\/aedyr.com\/en\/login\/#breadcrumb"},"inLanguage":"en-US","potentialAction":[{"@type":"ReadAction","target":["https:\/\/aedyr.com\/en\/login\/"]}]},{"@type":"BreadcrumbList","@id":"https:\/\/aedyr.com\/en\/login\/#breadcrumb","itemListElement":[{"@type":"ListItem","position":1,"name":"Portada","item":"https:\/\/aedyr.com\/en\/"},{"@type":"ListItem","position":2,"name":"Login"}]},{"@type":"WebSite","@id":"https:\/\/aedyr.com\/#website","url":"https:\/\/aedyr.com\/","name":"AEDyR","description":"Asociaci\u00f3n Espa\u00f1ola de Desalaci\u00f3n y Reutilizaci\u00f3n","publisher":{"@id":"https:\/\/aedyr.com\/#organization"},"potentialAction":[{"@type":"SearchAction","target":{"@type":"EntryPoint","urlTemplate":"https:\/\/aedyr.com\/?s={search_term_string}"},"query-input":{"@type":"PropertyValueSpecification","valueRequired":true,"valueName":"search_term_string"}}],"inLanguage":"en-US"},{"@type":"Organization","@id":"https:\/\/aedyr.com\/#organization","name":"Asociaci\u00f3n Espa\u00f1ola de Desalaci\u00f3n y Reutilizaci\u00f3n de Agua (AEDyR)","url":"https:\/\/aedyr.com\/","logo":{"@type":"ImageObject","inLanguage":"en-US","@id":"https:\/\/aedyr.com\/#\/schema\/logo\/image\/","url":"https:\/\/aedyr.com\/wp-content\/uploads\/2020\/05\/Logo-aedyr@2x-1.png","contentUrl":"https:\/\/aedyr.com\/wp-content\/uploads\/2020\/05\/Logo-aedyr@2x-1.png","width":1218,"height":572,"caption":"Asociaci\u00f3n Espa\u00f1ola de Desalaci\u00f3n y Reutilizaci\u00f3n de Agua (AEDyR)"},"image":{"@id":"https:\/\/aedyr.com\/#\/schema\/logo\/image\/"},"sameAs":["https:\/\/x.com\/AEDyR_es","https:\/\/www.instagram.com\/aedyr_asociacion\/","https:\/\/www.linkedin.com\/company\/aedyr-es\/","https:\/\/www.youtube.com\/user\/AEDyR","https:\/\/es.wikipedia.org\/wiki\/Asociaci\u00f3n_Espa\u00f1ola_de_Desalaci\u00f3n_y_Reutilizaci\u00f3n"]}]}},"_links":{"self":[{"href":"https:\/\/aedyr.com\/en\/wp-json\/wp\/v2\/pages\/4467","targetHints":{"allow":["GET"]}}],"collection":[{"href":"https:\/\/aedyr.com\/en\/wp-json\/wp\/v2\/pages"}],"about":[{"href":"https:\/\/aedyr.com\/en\/wp-json\/wp\/v2\/types\/page"}],"author":[{"embeddable":true,"href":"https:\/\/aedyr.com\/en\/wp-json\/wp\/v2\/users\/478"}],"replies":[{"embeddable":true,"href":"https:\/\/aedyr.com\/en\/wp-json\/wp\/v2\/comments?post=4467"}],"version-history":[{"count":0,"href":"https:\/\/aedyr.com\/en\/wp-json\/wp\/v2\/pages\/4467\/revisions"}],"wp:attachment":[{"href":"https:\/\/aedyr.com\/en\/wp-json\/wp\/v2\/media?parent=4467"}],"curies":[{"name":"wp","href":"https:\/\/api.w.org\/{rel}","templated":true}]}}